{"id":288,"date":"2012-03-29T17:14:43","date_gmt":"2012-03-29T16:14:43","guid":{"rendered":"http:\/\/www.lions-brnik.si\/?page_id=288"},"modified":"2012-03-29T18:46:04","modified_gmt":"2012-03-29T17:46:04","slug":"postanite-lions","status":"publish","type":"page","link":"https:\/\/www.lions-brnik.si\/?page_id=288","title":{"rendered":"Postanite Lions"},"content":{"rendered":"<p><span style=\"color: #515151;\">\u010clan na\u0161e organizacije lahko postane vsakdo, ki \u017eeli dobrodelno delovati ter mu je blizu ideja lionizma, torej zna prisluhniti \u0161ibkim, pomagati slepim in slabovidnim ali druga\u010de zdravstveno prizadetim, prisko\u010diti na pomo\u010d otrokom iz nepremo\u017enih dru\u017ein ali otrokom s posebnimi potrebami ter skrbeti za blaginjo in razvoj na\u0161e dr\u017eave. \u010ce ste tudi vi pripravljeni tem ciljem posvetiti svoj prosti \u010das in va\u0161o pozitivno energijo, se nam pridru\u017eite tudi vi!<\/span><\/p>\n<p><span style=\"color: #515151;\">Lionsi delujemo javno, ponosno nosimo znake pripadnosti na\u0161i organizaciji &#8211; zna\u010dke. V krogu znanih oseb boste tako nedvomno na\u0161li na\u0161ega \u010dlana, predstavite mu svojo \u017eeljo po \u010dlanstvu.\u00a0Vsak \u010dlan kluba namre\u010d lahko predsedniku predlaga kandidata, ki je po njegovem mnenju primeren za sprejem v \u010dlanstvo. Predsednik posreduje predlog predsedstvu in komisiji za sprejem novih \u010dlanov, ki morata predlog preu\u010diti in se o predlogu izjasniti. V primeru pozitivnega mnenja predsedstvo naslednjemu zboru predlaga sprejem novega \u010dlana. O sprejemu se tajno glasuje. Za sprejem je potrebno 9\/10 glasov na zboru prisotnih \u010dlanov, pri \u010demer zbor veljavno sklepa le, \u010de je na zboru prisotnih 2\/3 rednih \u010dlanov. Nove \u010dlane klubi sprejemajo ve\u010dinoma enkrat letno.<\/span><\/p>\n<p><span style=\"color: #515151;\">V katerih krajih po Sloveniji obstajajo Lions klubi si oglejte v\u00a0<a href=\"http:\/\/www.lions-d129.si\/lions-klubi\">organizacijskem zemljevidu slovenskega distrikta<\/a>.<\/span><\/p>\n<h6>Dobrodo\u0161li!<\/h6>\n","protected":false},"excerpt":{"rendered":"<p>\u010clan na\u0161e organizacije lahko postane vsakdo, ki \u017eeli dobrodelno delovati ter mu je blizu ideja lionizma, torej zna prisluhniti \u0161ibkim, pomagati slepim in slabovidnim ali druga\u010de zdravstveno prizadetim, prisko\u010diti na pomo\u010d otrokom iz nepremo\u017enih dru\u017ein ali otrokom s posebnimi potrebami ter skrbeti za blaginjo in razvoj na\u0161e dr\u017eave. \u010ce ste tudi vi pripravljeni tem ciljem &hellip; <\/p>\n<p><a class=\"more-link block-button\" href=\"https:\/\/www.lions-brnik.si\/?page_id=288\">Continue reading &raquo;<\/a><\/p>\n","protected":false},"author":1,"featured_media":0,"parent":104,"menu_order":0,"comment_status":"open","ping_status":"open","template":"","meta":{"footnotes":""},"class_list":["post-288","page","type-page","status-publish","hentry","nodate"],"_links":{"self":[{"href":"https:\/\/www.lions-brnik.si\/index.php?rest_route=\/wp\/v2\/pages\/288","targetHints":{"allow":["GET"]}}],"collection":[{"href":"https:\/\/www.lions-brnik.si\/index.php?rest_route=\/wp\/v2\/pages"}],"about":[{"href":"https:\/\/www.lions-brnik.si\/index.php?rest_route=\/wp\/v2\/types\/page"}],"author":[{"embeddable":true,"href":"https:\/\/www.lions-brnik.si\/index.php?rest_route=\/wp\/v2\/users\/1"}],"replies":[{"embeddable":true,"href":"https:\/\/www.lions-brnik.si\/index.php?rest_route=%2Fwp%2Fv2%2Fcomments&post=288"}],"version-history":[{"count":7,"href":"https:\/\/www.lions-brnik.si\/index.php?rest_route=\/wp\/v2\/pages\/288\/revisions"}],"predecessor-version":[{"id":331,"href":"https:\/\/www.lions-brnik.si\/index.php?rest_route=\/wp\/v2\/pages\/288\/revisions\/331"}],"up":[{"embeddable":true,"href":"https:\/\/www.lions-brnik.si\/index.php?rest_route=\/wp\/v2\/pages\/104"}],"wp:attachment":[{"href":"https:\/\/www.lions-brnik.si\/index.php?rest_route=%2Fwp%2Fv2%2Fmedia&parent=288"}],"curies":[{"name":"wp","href":"https:\/\/api.w.org\/{rel}","templated":true}]}}