{"id":286,"date":"2012-03-29T17:14:09","date_gmt":"2012-03-29T16:14:09","guid":{"rendered":"http:\/\/www.lions-brnik.si\/?page_id=286"},"modified":"2012-04-16T21:40:29","modified_gmt":"2012-04-16T20:40:29","slug":"kodeks-etike","status":"publish","type":"page","link":"https:\/\/www.lions-brnik.si\/?page_id=286","title":{"rendered":"Kodeks etike"},"content":{"rendered":"<h5>ETI\u010cNA NA\u010cELA<\/h5>\n<ul>\n<li><strong style=\"color: #515151;\">Verjamem\u00a0<\/strong><span style=\"color: #515151;\">v vrednost svojega poklicnega dela in si posku\u0161am pridobitiugled dobrega delavca v <\/span><span style=\"color: #515151;\">korist skupnosti.<\/span><\/li>\n<li><strong style=\"color: #515151;\">Prizadevam<\/strong><span style=\"color: #515151;\"> si biti uspe\u0161en pri svojem poklicnem delu in pri\u010dakujem za to ustrezno povra\u010dilo, <\/span><span style=\"color: #515151;\">vendar\u00a0ne za ceno samospo\u0161tovanja in\u00a0kakovosti.<\/span><\/li>\n<li><span style=\"color: #515151;\"><strong>Zavedam se<\/strong>, da ne smem z uveljavljanjem samega sebe \u0161kodovati drugim in da moram spo\u0161tovati svoje sodelavce, stranke in samega sebe.<\/span><\/li>\n<li><span style=\"color: #515151;\"><strong>Nesebi\u010dno re\u0161ujem<\/strong> dvome o pravicah ali etiki svojega polo\u017eaja ali odnosa do drugih.<\/span><\/li>\n<li><span style=\"color: #515151;\"><strong>Vem<\/strong>, da je prijateljstvo cilj, ne pripomo\u010dek, in da pravo prijateljstvo ni v koristoljubju, temve\u010d v pomaganju.<\/span><\/li>\n<li><span style=\"color: #515151;\"><strong>Spo\u0161tujem<\/strong> svoje dol\u017enosti do naroda, dr\u017eave in skupnosti in jim ostajam zvest v misli, besedi in dejanju ter jim nesebi\u010dno namenjam svoj \u010das, delo in denar.<\/span><\/li>\n<li><span style=\"color: #515151;\"><strong>Pomagam<\/strong> bli\u017enjim, jih tola\u017eim v nesre\u010di, jih podpiram v stiski in re\u0161ujem v rev\u0161\u010dini.<\/span><\/li>\n<li><span style=\"color: #515151;\"><strong>Gradim<\/strong>, ne podiram, sem obziren v kritiki in nesebi\u010den pri pohvali.<\/span><\/li>\n<\/ul>\n<p>&nbsp;<\/p>\n<h5>PRISEGA<\/h5>\n<p><span style=\"color: #515151;\"><strong>Prise\u017eem:<\/strong><br \/>\n<\/span><\/p>\n<ul>\n<li><span style=\"color: #515151;\">da bom spo\u0161toval pravila in statut kluba, distrikta in Mednarodne zveze lionskih klubov<\/span><\/li>\n<li><span style=\"color: #515151;\">da se bom udele\u017eeval klubskih sre\u010danj<\/span><\/li>\n<li><span style=\"color: #515151;\">da bom sodeloval pri dejavnostih kluba in se zavzemal za njegove cilje<\/span><\/li>\n<li><span style=\"color: #515151;\">da bom moralno in denarno ter s svojim delom pomagal v klubu in si prizadeval za razvoj lionizma<\/span><\/li>\n<li><span style=\"color: #515151;\">da bom zavzeto pomagal povsod, kjer potrebujejo pomo\u010d<\/span><\/li>\n<li><span style=\"color: #515151;\">da se bom ravnal po eti\u010dnih na\u010delih.<\/span><\/li>\n<\/ul>\n<p>&nbsp;<\/p>\n<p><img loading=\"lazy\" decoding=\"async\" class=\"size-full wp-image-311 aligncenter\" title=\"Roke\" src=\"http:\/\/www.lions-brnik.si\/wp-content\/uploads\/2012\/03\/image12.jpg\" alt=\"Roke\" width=\"88\" height=\"99\" \/><\/p>\n<div><span style=\"font-weight: normal; color: #515151; font-size: x-small;\"><br \/>\n<\/span><\/div>\n<h5 style=\"text-align: center;\"><span style=\"color: #515151;\">We Serve\u00a0 &#8211; Pomagam<\/span><\/h5>\n","protected":false},"excerpt":{"rendered":"<p>ETI\u010cNA NA\u010cELA Verjamem\u00a0v vrednost svojega poklicnega dela in si posku\u0161am pridobitiugled dobrega delavca v korist skupnosti. Prizadevam si biti uspe\u0161en pri svojem poklicnem delu in pri\u010dakujem za to ustrezno povra\u010dilo, vendar\u00a0ne za ceno samospo\u0161tovanja in\u00a0kakovosti. Zavedam se, da ne smem z uveljavljanjem samega sebe \u0161kodovati drugim in da moram spo\u0161tovati svoje sodelavce, stranke in samega &hellip; <\/p>\n<p><a class=\"more-link block-button\" href=\"https:\/\/www.lions-brnik.si\/?page_id=286\">Continue reading &raquo;<\/a><\/p>\n","protected":false},"author":1,"featured_media":0,"parent":104,"menu_order":0,"comment_status":"open","ping_status":"open","template":"","meta":{"footnotes":""},"class_list":["post-286","page","type-page","status-publish","hentry","nodate"],"_links":{"self":[{"href":"https:\/\/www.lions-brnik.si\/index.php?rest_route=\/wp\/v2\/pages\/286","targetHints":{"allow":["GET"]}}],"collection":[{"href":"https:\/\/www.lions-brnik.si\/index.php?rest_route=\/wp\/v2\/pages"}],"about":[{"href":"https:\/\/www.lions-brnik.si\/index.php?rest_route=\/wp\/v2\/types\/page"}],"author":[{"embeddable":true,"href":"https:\/\/www.lions-brnik.si\/index.php?rest_route=\/wp\/v2\/users\/1"}],"replies":[{"embeddable":true,"href":"https:\/\/www.lions-brnik.si\/index.php?rest_route=%2Fwp%2Fv2%2Fcomments&post=286"}],"version-history":[{"count":38,"href":"https:\/\/www.lions-brnik.si\/index.php?rest_route=\/wp\/v2\/pages\/286\/revisions"}],"predecessor-version":[{"id":325,"href":"https:\/\/www.lions-brnik.si\/index.php?rest_route=\/wp\/v2\/pages\/286\/revisions\/325"}],"up":[{"embeddable":true,"href":"https:\/\/www.lions-brnik.si\/index.php?rest_route=\/wp\/v2\/pages\/104"}],"wp:attachment":[{"href":"https:\/\/www.lions-brnik.si\/index.php?rest_route=%2Fwp%2Fv2%2Fmedia&parent=286"}],"curies":[{"name":"wp","href":"https:\/\/api.w.org\/{rel}","templated":true}]}}