{"id":284,"date":"2012-03-29T17:13:31","date_gmt":"2012-03-29T16:13:31","guid":{"rendered":"http:\/\/www.lions-brnik.si\/?page_id=284"},"modified":"2012-04-16T21:20:00","modified_gmt":"2012-04-16T20:20:00","slug":"poslanstvo-lionizma","status":"publish","type":"page","link":"https:\/\/www.lions-brnik.si\/?page_id=284","title":{"rendered":"Poslanstvo lionizma"},"content":{"rendered":"<h5>NA\u0160I CILJI<\/h5>\n<ul>\n<li><strong><span style=\"color: #515151;\">Ustvarjati<\/span><\/strong><span style=\"color: #515151;\"> in krepiti duha sporazumevanja med ljudmi vsega sveta.<\/span><\/li>\n<li><strong><span style=\"color: #515151;\">Podpirati<\/span><\/strong><span style=\"color: #515151;\"> dr\u017eavnike in dr\u017eavljane pri njihovem delu v korist skupnosti.<\/span><\/li>\n<li><strong><span style=\"color: #515151;\">Zavzemati<\/span><\/strong><span style=\"color: #515151;\"> se za javno, kulturno, socialno in moralno blaginjo.<\/span><\/li>\n<li><strong><span style=\"color: #515151;\">Povezovati<\/span><\/strong><span style=\"color: #515151;\"> klube v prijateljstvu, zdravem tovari\u0161tvu in medsebojnem razumevanju.<\/span><\/li>\n<li><strong><span style=\"color: #515151;\">Omogo\u010dati<\/span><\/strong><span style=\"color: #515151;\"> odkrito obravnavo vseh vpra\u0161anj, vendar brez politi\u010dne, strankarske in verske nestrpnosti.<\/span><\/li>\n<li><strong><span style=\"color: #515151;\">Uveljavljati<\/span><\/strong><span style=\"color: #515151;\"> v zasebnem in javnem \u017eivljenju visoka eti\u010dna na\u010dela ter spodbujati ljudi k prostovoljnemu delu za skupnost.<\/span><\/li>\n<\/ul>\n<p><span style=\"color: #515151;\">Osnovni cilj lionizma je pomagati vsem, ki so pomo\u010di potrebni. Ob temeljnem programu lionizma, skrbi za slepe in slabovidne, slovenski Lionsi izvajamo \u0161e \u0161tevilne druge oblike pomo\u010di: pomo\u010d slu\u0161no prizadetim, socialne programe, boj proti drogam, pomo\u010d pri nabavi medicinske opreme, delujemo pri varovanju okolja, pomagamo otrokom in mladim, skratka, odzivamo se na potrebe pomo\u010di potrebnih, \u010de smo za to zapro\u0161eni in je pomo\u010d v na\u0161i mo\u010di.<\/span><\/p>\n<h5>NA\u0160E POSLANSTVO<\/h5>\n<p><span style=\"color: #515151;\">Ustvarjati in krepiti duha sporazumevanja med ljudmi vsega sveta za \u010dlovekoljubne potrebe in prostovoljno pomagati v o\u017ejih in \u0161ir\u0161ih skupnostih.<\/span><\/p>\n","protected":false},"excerpt":{"rendered":"<p>NA\u0160I CILJI Ustvarjati in krepiti duha sporazumevanja med ljudmi vsega sveta. Podpirati dr\u017eavnike in dr\u017eavljane pri njihovem delu v korist skupnosti. Zavzemati se za javno, kulturno, socialno in moralno blaginjo. Povezovati klube v prijateljstvu, zdravem tovari\u0161tvu in medsebojnem razumevanju. Omogo\u010dati odkrito obravnavo vseh vpra\u0161anj, vendar brez politi\u010dne, strankarske in verske nestrpnosti. Uveljavljati v zasebnem in &hellip; <\/p>\n<p><a class=\"more-link block-button\" href=\"https:\/\/www.lions-brnik.si\/?page_id=284\">Continue reading &raquo;<\/a><\/p>\n","protected":false},"author":1,"featured_media":0,"parent":104,"menu_order":0,"comment_status":"open","ping_status":"open","template":"","meta":{"footnotes":""},"class_list":["post-284","page","type-page","status-publish","hentry","nodate"],"_links":{"self":[{"href":"https:\/\/www.lions-brnik.si\/index.php?rest_route=\/wp\/v2\/pages\/284","targetHints":{"allow":["GET"]}}],"collection":[{"href":"https:\/\/www.lions-brnik.si\/index.php?rest_route=\/wp\/v2\/pages"}],"about":[{"href":"https:\/\/www.lions-brnik.si\/index.php?rest_route=\/wp\/v2\/types\/page"}],"author":[{"embeddable":true,"href":"https:\/\/www.lions-brnik.si\/index.php?rest_route=\/wp\/v2\/users\/1"}],"replies":[{"embeddable":true,"href":"https:\/\/www.lions-brnik.si\/index.php?rest_route=%2Fwp%2Fv2%2Fcomments&post=284"}],"version-history":[{"count":9,"href":"https:\/\/www.lions-brnik.si\/index.php?rest_route=\/wp\/v2\/pages\/284\/revisions"}],"predecessor-version":[{"id":798,"href":"https:\/\/www.lions-brnik.si\/index.php?rest_route=\/wp\/v2\/pages\/284\/revisions\/798"}],"up":[{"embeddable":true,"href":"https:\/\/www.lions-brnik.si\/index.php?rest_route=\/wp\/v2\/pages\/104"}],"wp:attachment":[{"href":"https:\/\/www.lions-brnik.si\/index.php?rest_route=%2Fwp%2Fv2%2Fmedia&parent=284"}],"curies":[{"name":"wp","href":"https:\/\/api.w.org\/{rel}","templated":true}]}}