{"id":279,"date":"2012-03-29T17:10:44","date_gmt":"2012-03-29T16:10:44","guid":{"rendered":"http:\/\/www.lions-brnik.si\/?page_id=279"},"modified":"2023-08-30T13:19:18","modified_gmt":"2023-08-30T12:19:18","slug":"lionizem-v-svetu-lci","status":"publish","type":"page","link":"https:\/\/www.lions-brnik.si\/?page_id=279","title":{"rendered":"Lionizem v svetu"},"content":{"rendered":"<h5><img loading=\"lazy\" decoding=\"async\" class=\"alignnone size-full wp-image-302\" title=\"Lions Club International\" src=\"http:\/\/www.lions-brnik.si\/wp-content\/uploads\/2012\/03\/image4.jpg\" alt=\"Lions Club International\" width=\"273\" height=\"46\" \/><\/h5>\n<p><span style=\"color: #515151;\">LCI je najve\u010dja mednarodna prostovoljna humanitarna organizacija na svetu, deluje v najve\u010d dr\u017eavah sveta, ima okoli 1,4 milijona \u010dlanov, ki so zdru\u017eeni v cca. 48.000 klubih.<\/span><\/p>\n<h4><span style=\"color: #515151;\"><br \/>\n<span style=\"color: #136398;\">POMEMBNEJ\u0160I ZGODOVINSKI MEJNIKI<\/span><\/span><\/h4>\n<p><span style=\"color: #515151;\"><br \/>\n<strong>1917<\/strong> \u2013 Pobudnik in ustanovitelj je bil zavarovalni\u010dar Melvin Jones, ki je tedanje poslovne\u017ee iz Chicaga motiviral za delovanje v humanitarnih dejavnostih. Vpra\u0161al jih je: \u201cKaj \u010de bi mo\u017eje, ki so uspe\u0161ni zaradi svoje volje, inteligence in ambicij, zdru\u017eili svoje talente v delu, ki bi izbolj\u0161alo njihovo okolje?\u201d in nastala je organizacija Lions klubov. Prvi organizacijski sestanek je bil 7. junija1917 v Chicagu, Illinois, ZDA, \u017ee istega leta v oktobru pa prva konvencija v teksa\u0161kem Dallasu.<\/span><br \/>\n<span style=\"color: #515151;\"><br \/>\n<strong>\u201cWhat if these men,\u201d he asked, \u201cwho are successful because of their drive, intelligence and ambition, were to put their talents to work improving their communities?\u201d<\/strong><br \/>\n<em>Melvin Jones<\/em><\/span><\/p>\n<p><span style=\"color: #515151;\"><strong>1920<\/strong> \u2013 Tri leta po ustanovitvi se pri\u010dne \u0161iritev delovanja v druge dr\u017eave. Tega leta je bil ustanovljen prvi klub v Kanadi, v Mehiki leta 1927, v petdesetih in \u0161estdesetih pa se je lionizem raz\u0161iril na vse celine.<\/span><\/p>\n<p><span style=\"color: #515151;\"><strong>1925<\/strong> &#8211; Prelomno leto v delovanju je pomenila konvencija v Cedar Pointu v Ohiu, ko je pred zbranimi nastopila Helen Keller, ameri\u0161ka gluhonema in slepa pisateljica, ki je s svojim slovitim pronicljivim govorom dala lionizmu novo smer delovanja \u2013 boj proti slepoti. Poimenovala nas je \u00bbVitezi slepih v boju proti temi\u00ab.<\/span><\/p>\n<p><span style=\"color: #515151;\"> Pomo\u010d slepim in slabovidnim postane rde\u010da nit delovanja LCI. Lioni smo pomagali pri gradnji o\u010desnih klinik, distribuciji zdravil, usposabljanju okulistov in omogo\u010dili ne\u0161teto operacij sive mrene. Lions klubi pomagajo globalno in lokalno, tako z nakupom tehni\u010dnih naprav, izbolj\u0161avo bivanjskih pogojev v ustanovah, s pomo\u010djo njihovim dru\u0161tvom, z ureditvijo urbanih okolij, posebej opremljenih plo\u010dnikov in prehodov za pe\u0161ce, parkov in vrtov, opremo spomenikov z napisi v brajici, ali pa s pomo\u010djo ob obisku koncertov.<\/span><\/p>\n<p><span style=\"color: #515151;\"><strong>1945 &#8211;<\/strong> Ideja zdru\u017eevanja narodov, mirnega so\u017eitja, kulture dialoga ter izmenjave mnenj je bila vodilo na\u0161e organizacije \u017ee od za\u010detkov delovanja, v letu 1945 pa je LCI podprl ustanovitev Organizacije zdru\u017eenih narodov, istega leta je dobila v njej tudi posvetovalni status. Lions klubi zavzeto delujemo za ohranjanje miru, zavedamo pa se pomembnosti ozave\u0161\u010danja otrok, kot nosilcev bodo\u010dnosti, o pomenu miru kot osnovna vrednote \u010dlove\u0161kega bivanja. Kot eden od projektov tega poslanstva poteka tudi vsakoletni projekt Plakat miru, v katerem otroci umetni\u0161ko izra\u017eajo svoje vizije miru v svetu.<\/span><\/p>\n<p><span style=\"color: #515151;\"><strong>1957<\/strong> \u2013 Organizacija se za\u010dne vse bolj posve\u010dati mladim in z ustanovitvijo Leo klubov ozave\u0161\u010da mlade o potrebah dru\u017ebe ter jim nudi prilo\u017enost za osebni razvoj skozi prostovoljsko delo. Sedaj Leo klubi delujejo v 139 dr\u017eavah sveta, v pribli\u017eno 5.700 klubih je preko 144.000 \u010dlanov.<\/span><\/p>\n<p><span style=\"color: #515151;\"><strong>1968<\/strong> \u2013 LCI ustanovi svoj sklad \u2013 Lions Clubs International Foundation \u2013 LCIF, ki je namenjen oblikam pomo\u010di, ki presegajo zmo\u017enosti posameznega kluba, regije ali celo distrikta. V njem so programi za pomo\u010d slepim, osebam z telesnimi okvarami, otrokom in mladostnikom ter za urgentno pomo\u010d ob naravnih in drugih katastrofah. Tako sklad nudi takoj\u0161njo pomo\u010d ob ve\u010djih naravnih katastrofah s takoj\u0161njo zagotovitvijo hrane, vode, obla\u010dil ter zdravil in zdravstvenih pripomo\u010dkov, po zagotovitvi najnujnej\u0161ega pa pomaga pri obnovi. Raziskava \u010dasopisa The Financial Times iz leta 2007 je ugotovila, da je LCIFnajve\u010dji nevladni mednarodni sklad za pomo\u010d.<\/span><\/p>\n<p><span style=\"color: #515151;\"><strong>1990<\/strong> \u2013 Skozi dolga leta delovanja na podro\u010dju pomo\u010di slepim in slabovidnim Lionsi pridobimo \u0161tevilne izku\u0161nje in znanja, tega leta ustanovimo program Sight First. Z njim smo pomagali pri gradnji o\u010desnih klinik, distribuciji zdravil, usposabljanju okulistov in omogo\u010dili ne\u0161teto operacij sive mrene. V programu smo prispevali prek 346 mio USD, v sodelovanju s Svetovno zdravstveno organizacijo pa zasnovali globalno pobudo boja proti otro\u0161ki slepoti, tako danes po vsem svetu deluje prek 35 centrov za nego otrok, ki imajo te\u017eave z vidom.<\/span><\/p>\n<h4><span style=\"color: #515151;\"><br \/>\n<span style=\"color: #136398;\">ALI STE VEDELI<\/span><\/span><\/h4>\n<p><span style=\"color: #515151;\">da so prav \u010dlani Lions klubov v tridesetih letih prej\u0161njega stoletja:<br \/>\n\u2022 izumili palico za slepe<br \/>\n\u2022 \u017eepno Braillovo pisavo<br \/>\n\u2022 ustanovili prvo \u0161olo za pse vodnike<\/span><\/p>\n<p><span style=\"color: #515151;\">Ti pripomo\u010dki so \u0161e danes glavna opora slepim v vsakdanjem \u017eivljenju.<\/span><\/p>\n<h4><span style=\"color: #136398;\">LCI DANES<\/span><\/h4>\n<p><span style=\"color: #515151;\">Danes ideja lionizma \u017eivi v okoli <strong>48.000<\/strong> klubih v ve\u010d kot 200 dr\u017eavah sveta, v njih se zdru\u017euje v okoli 1,4 milijona \u010dlanov, ki delujejo v svojih okoljih in po vseh koti\u010dkih sveta. Ob tradicionalnih dejavnostih, kot so pomo\u010d pri raznih zdravstvenih te\u017eavah, re\u0161evanju socialnih neenakosti, pomo\u010di pri te\u017eavah mladih in starostnikov, pri varovanju okolja, boju proti odvisnostim, pomo\u010di pri naravnih katastrofah ter zavzemanju za mir na Zemlji, Lionsi \u0161irimo svoje delovanje na \u0161tevilna nova podro\u010dja.<\/span><\/p>\n","protected":false},"excerpt":{"rendered":"<p>LCI je najve\u010dja mednarodna prostovoljna humanitarna organizacija na svetu, deluje v najve\u010d dr\u017eavah sveta, ima okoli 1,4 milijona \u010dlanov, ki so zdru\u017eeni v cca. 48.000 klubih. POMEMBNEJ\u0160I ZGODOVINSKI MEJNIKI 1917 \u2013 Pobudnik in ustanovitelj je bil zavarovalni\u010dar Melvin Jones, ki je tedanje poslovne\u017ee iz Chicaga motiviral za delovanje v humanitarnih dejavnostih. Vpra\u0161al jih je: \u201cKaj &hellip; <\/p>\n<p><a class=\"more-link block-button\" href=\"https:\/\/www.lions-brnik.si\/?page_id=279\">Continue reading &raquo;<\/a><\/p>\n","protected":false},"author":1,"featured_media":0,"parent":104,"menu_order":0,"comment_status":"open","ping_status":"open","template":"","meta":{"footnotes":""},"class_list":["post-279","page","type-page","status-publish","hentry","nodate"],"_links":{"self":[{"href":"https:\/\/www.lions-brnik.si\/index.php?rest_route=\/wp\/v2\/pages\/279","targetHints":{"allow":["GET"]}}],"collection":[{"href":"https:\/\/www.lions-brnik.si\/index.php?rest_route=\/wp\/v2\/pages"}],"about":[{"href":"https:\/\/www.lions-brnik.si\/index.php?rest_route=\/wp\/v2\/types\/page"}],"author":[{"embeddable":true,"href":"https:\/\/www.lions-brnik.si\/index.php?rest_route=\/wp\/v2\/users\/1"}],"replies":[{"embeddable":true,"href":"https:\/\/www.lions-brnik.si\/index.php?rest_route=%2Fwp%2Fv2%2Fcomments&post=279"}],"version-history":[{"count":32,"href":"https:\/\/www.lions-brnik.si\/index.php?rest_route=\/wp\/v2\/pages\/279\/revisions"}],"predecessor-version":[{"id":2135,"href":"https:\/\/www.lions-brnik.si\/index.php?rest_route=\/wp\/v2\/pages\/279\/revisions\/2135"}],"up":[{"embeddable":true,"href":"https:\/\/www.lions-brnik.si\/index.php?rest_route=\/wp\/v2\/pages\/104"}],"wp:attachment":[{"href":"https:\/\/www.lions-brnik.si\/index.php?rest_route=%2Fwp%2Fv2%2Fmedia&parent=279"}],"curies":[{"name":"wp","href":"https:\/\/api.w.org\/{rel}","templated":true}]}}