{"id":104,"date":"2012-03-21T16:42:29","date_gmt":"2012-03-21T15:42:29","guid":{"rendered":"http:\/\/www.lions-brnik.si\/?page_id=104"},"modified":"2023-08-30T13:14:29","modified_gmt":"2023-08-30T12:14:29","slug":"lionizem","status":"publish","type":"page","link":"https:\/\/www.lions-brnik.si\/?page_id=104","title":{"rendered":"Lionizem"},"content":{"rendered":"<h5>LIONIZEM V SLOVENIJI<\/h5>\n<p><span style=\"color: #515151;\"> Poslanstvo vsakega Lions kluba na svetu je ustvarjanje in krepitev sporazumevanja med ljudmi vsega sveta, \u010dlovekoljubnost, prostovoljna pomo\u010d lokalno in \u0161ir\u0161e, kjerkoli se pojavi potreba\u00a0po pomo\u010di in zmo\u017enost kluba, da pomaga. O samih za\u010detkih lionizma v svetu je ve\u010d v zavihku LCI, o za\u010detkih in razvoju v Sloveniji pa spodaj.<\/span><\/p>\n<h5>ZGODOVINA<\/h5>\n<p><span style=\"color: #515151;\"> Prvi v Sloveniji in takratni Jugoslaviji je bil 18. maja 1990 ustanovljen Lions klub Ljubljana. Po ve\u010dmese\u010dnih pripravah in ob botrstvu LC Klagenfurt Carinthia ga je ustanovil Borut Miklav\u010di\u010d.<\/span><\/p>\n<p><span style=\"color: #515151;\">\u017de istega leta sta bila ustanovljena \u0161e dva kluba, v Kopru in Murski Soboti. LK Murska Sobota je ob botrstvu LC Radkersburg ustanovil Jo\u017ee Magdi\u010d, LK Koper \u2013 Capodistria, kot prvi dvojezi\u010dni klub, pa Apollonio Zvest.<\/span><\/p>\n<p><span style=\"color: #515151;\">Rast lionizma se je nadaljevala, ustanovljeni so bili novi klubi, v juliju 1992 je bila ustanovljena \u017ee prva cona, njen predsednik je postal Janez Bohori\u010d. Leta 1994 je \u0161tevilo klubov \u017ee zado\u0161\u010dalo za samostojno regijo, v tem \u010dasu je imela tri cone \u0160tajersko, Osrednjeslovensko ter Primorsko. Regiji je predsedoval Janez Bohori\u010d v letih 1994 in 1995, tega leta je iz\u0161la tudi prva \u0161tevilka na\u0161ega glasila Slovenski Lion.<br \/>\nLeta 1996 so bili z 22 slovenskimi Lions klubi izpolnjeni pogoji za ustanovitev za\u010dasnega distrikta, D129 Slovenija, prvi guverner postane Janez Bohori\u010d. Ob koncu leta 2004 slovenski Lionsi z ve\u010d kot 1.300 \u010dlani izpolnimo pogoje in dose\u017eemo status rednega distrikta.<\/span><\/p>\n<h5>SLOVENSKI LIONSI DANES<\/h5>\n<p style=\"text-align: justify;\"><span style=\"color: #515151;\">Danes je Slovenija z 59 Lions klubi, ki zdru\u017eujejo skoraj 1.500 lionov, med dr\u017eavami z najve\u010djo gostoto \u010dlanov LK na tiso\u010d prebivalcev. V tridesetih letih delovanja smo slovenski Lionsi v \u010dlovekoljubne namene zbrali ve\u010d kot 10 milijonov evrov, ogromno je tudi opravljenih ur prostovoljnega dela. Sredstva so\u00a0 namenjena tako posameznikom, najve\u010dkrat za pomo\u010d slepim in slabovidnim ali druga\u010de zdravstveno prizadetim, odrinjenim na dru\u017ebeni in socialni rob, kot tudi organizacijam, najve\u010dkrat za nabavo pripomo\u010dkov za bolj\u0161o kakovost \u017eivljenja. Letno na ta na\u010din pomagamo ve\u010d kot 35 tiso\u010d ljudem v Sloveniji. <\/span><\/p>\n<p>PROJEKT DONIRANA HRANA<\/p>\n<p style=\"text-align: justify;\"><span style=\"color: #515151;\">V Zvezi Lions klubov Slovenije in posameznih Lions klubih, <strong>med prvimi in prizadevnimi tudi Lions klub Brnik<\/strong>, smo se zadnjih letih odlo\u010dili za projekt Vi\u0161ki hrane, ki smo ga kasneje preimenovali v projekt <strong>Donirana hrana<\/strong>. <\/span>Projekt te\u010de tako, da\u00a0 prostovoljci, \u010dlani Lions klubov, Obmo\u010dnih zdru\u017eenj Rde\u010dega kri\u017ea Slovenije, Karitas, zaposleni v javnih zavodih ter prostovoljci drugih dru\u0161tev vsak dan v trgovinah prevzamejo hrano, ki je pripravljena za ta namen. Prevzeto hrano razdelijo upravi\u010dencem, delno isti dan, delno naslednje dopoldne.\u00a0V letu 2019 se je projekt Donirana raz\u0161iril na ve\u010d kot sto trgovin po vsej Sloveniji. Koli\u010dina zbrane in razdeljene hrane se pove\u010duje. V letu 2019 smo razdelili ve\u010d kot 860 ton hrane.<\/p>\n<h5>SESTAVA NA\u0160EGA \u010cLANSTVA<\/h5>\n<p style=\"text-align: justify;\"><span style=\"color: #515151;\">V Lions klubih se povezujemo ljudje razli\u010dnih poklicev, ras, veroizpovedi in politi\u010dnih profilov z namenom, da zdru\u017eimo svoje znanje in mo\u010di za dobrobit skupnosti, v kateri \u017eivimo in delujemo.<\/span><\/p>\n<h5>SLOVENSKE \u010cLANICE LIONS<\/h5>\n<p><span style=\"color: #515151;\">Vsak peti \u010dlan slovenske Lions organizacije je \u010dlanica. Od 8. maja 1999 v Sloveniji deluje tudi prvi \u017eenski Lions klub &#8211; LK Celje Mozaik, temu je sledil LK Maribor Zarja in kot najmlaj\u0161i, ustanovljen na prvi pomladni dan 2009, LK Ljubljana Viva.<\/span><\/p>\n<h5>12. APRIL, SVETOVNI DAN LIONIZMA<\/h5>\n<p style=\"text-align: justify;\"><span style=\"color: #515151;\">Stari Rimljani so mesec april imenovali Aprilis, kar pomeni odpreti in ozna\u010duje \u010das v letu, ko se za\u010dne prebujati narava. Lionsi, ki s svojo velikodu\u0161nostjo odpiramo vrata ljudem, ki nanje potrkajo, kot je to storila Helen Keller davnega leta 1925, smo v njem na\u0161li simbolno povezavo.<\/span><\/p>\n<h5>LEO KLUBI<\/h5>\n<p style=\"text-align: justify;\"><span style=\"color: #515151;\">Lions klubi imajo svoj podmladek, ta deluje v <a href=\"http:\/\/www.leodistrikt.si\/\">LEO klubih<\/a>, ki v 18 klubih zdru\u017eujejo skoraj 200 mladih. Tudi \u010dlani slovenskih LEO klubov so med aktivnej\u0161imi v Evropi.<\/span><\/p>\n","protected":false},"excerpt":{"rendered":"<p>LIONIZEM V SLOVENIJI Poslanstvo vsakega Lions kluba na svetu je ustvarjanje in krepitev sporazumevanja med ljudmi vsega sveta, \u010dlovekoljubnost, prostovoljna pomo\u010d lokalno in \u0161ir\u0161e, kjerkoli se pojavi potreba\u00a0po pomo\u010di in zmo\u017enost kluba, da pomaga. O samih za\u010detkih lionizma v svetu je ve\u010d v zavihku LCI, o za\u010detkih in razvoju v Sloveniji pa spodaj. ZGODOVINA Prvi &hellip; <\/p>\n<p><a class=\"more-link block-button\" href=\"https:\/\/www.lions-brnik.si\/?page_id=104\">Continue reading &raquo;<\/a><\/p>\n","protected":false},"author":1,"featured_media":0,"parent":0,"menu_order":3,"comment_status":"open","ping_status":"open","template":"","meta":{"footnotes":""},"class_list":["post-104","page","type-page","status-publish","hentry","nodate"],"_links":{"self":[{"href":"https:\/\/www.lions-brnik.si\/index.php?rest_route=\/wp\/v2\/pages\/104","targetHints":{"allow":["GET"]}}],"collection":[{"href":"https:\/\/www.lions-brnik.si\/index.php?rest_route=\/wp\/v2\/pages"}],"about":[{"href":"https:\/\/www.lions-brnik.si\/index.php?rest_route=\/wp\/v2\/types\/page"}],"author":[{"embeddable":true,"href":"https:\/\/www.lions-brnik.si\/index.php?rest_route=\/wp\/v2\/users\/1"}],"replies":[{"embeddable":true,"href":"https:\/\/www.lions-brnik.si\/index.php?rest_route=%2Fwp%2Fv2%2Fcomments&post=104"}],"version-history":[{"count":21,"href":"https:\/\/www.lions-brnik.si\/index.php?rest_route=\/wp\/v2\/pages\/104\/revisions"}],"predecessor-version":[{"id":2131,"href":"https:\/\/www.lions-brnik.si\/index.php?rest_route=\/wp\/v2\/pages\/104\/revisions\/2131"}],"wp:attachment":[{"href":"https:\/\/www.lions-brnik.si\/index.php?rest_route=%2Fwp%2Fv2%2Fmedia&parent=104"}],"curies":[{"name":"wp","href":"https:\/\/api.w.org\/{rel}","templated":true}]}}